{"id":29,"date":"2018-06-13T07:44:05","date_gmt":"2018-06-13T07:44:05","guid":{"rendered":"https:\/\/powerandsecurity.uws.edu.pl\/contacts\/"},"modified":"2024-07-08T20:46:00","modified_gmt":"2024-07-08T18:46:00","slug":"contacts","status":"publish","type":"page","link":"https:\/\/powerandsecurity.uws.edu.pl\/en\/contacts\/","title":{"rendered":"Contacts"},"content":{"rendered":"<div data-elementor-type=\"wp-post\" data-elementor-id=\"29\" class=\"elementor elementor-29\">\n\t\t\t\t\t\t<section class=\"elementor-section elementor-top-section elementor-element elementor-element-80cfbe6 elementor-section-boxed elementor-section-height-default elementor-section-height-default\" data-id=\"80cfbe6\" data-element_type=\"section\" data-e-type=\"section\">\n\t\t\t\t\t\t<div class=\"elementor-container elementor-column-gap-extended\">\n\t\t\t\t\t<div class=\"elementor-column elementor-col-33 elementor-top-column elementor-element elementor-element-bd16de1 sc_inner_width_none sc_layouts_column_icons_position_left\" data-id=\"bd16de1\" data-element_type=\"column\" data-e-type=\"column\">\n\t\t\t<div class=\"elementor-widget-wrap elementor-element-populated\">\n\t\t\t\t\t\t<div class=\"elementor-element elementor-element-190c3a0 elementor-widget elementor-widget-text-editor\" data-id=\"190c3a0\" data-element_type=\"widget\" data-e-type=\"widget\" data-widget_type=\"text-editor.default\">\n\t\t\t\t<div class=\"elementor-widget-container\">\n\t\t\t\t\t\t\t\t\t<h6 class=\"trx_addons_title_decoration\">Address<\/h6><p>Faculty of Social Sciences of the University of Siedlce, \u017bytnia 39, 08-110 Siedlce, Poland<\/p><h6 class=\"trx_addons_title_decoration\">Contact to the organizers<\/h6><p>assoc. prof. Robert Bia\u0142og\u00f3rski\u2013 chairman of the organizing committee<\/p><ul><li>Phone: <a href=\"tel:695 800 101\">695 800 101<\/a><\/li><li><a href=\"mailto:robert.bialoskorski@uws.edu.pl\">robert.bialoskorski@uws.edu.pl<\/a><\/li><\/ul><p>Ph.D. Damian Jarnicki \u2013 Vice-Chairman<\/p><ul><li>Phone: <a href=\"tel:509 830 891\">509 830 891 <\/a><\/li><li><a href=\"mailto:damian.jarnicki@uws.edu.pl\">damian.jarnicki@uws.edu.pl<\/a><\/li><\/ul>\t\t\t\t\t\t\t\t<\/div>\n\t\t\t\t<\/div>\n\t\t\t\t<div class=\"elementor-element elementor-element-e082215 sc_height_medium sc_layouts_hide_on_wide sc_layouts_hide_on_desktop sc_layouts_hide_on_notebook sc_layouts_hide_on_tablet elementor-widget elementor-widget-spacer\" data-id=\"e082215\" data-element_type=\"widget\" data-e-type=\"widget\" data-widget_type=\"spacer.default\">\n\t\t\t\t<div class=\"elementor-widget-container\">\n\t\t\t\t\t\t\t<div class=\"elementor-spacer\">\n\t\t\t<div class=\"elementor-spacer-inner\"><\/div>\n\t\t<\/div>\n\t\t\t\t\t\t<\/div>\n\t\t\t\t<\/div>\n\t\t\t\t\t<\/div>\n\t\t<\/div>\n\t\t\t\t<div class=\"elementor-column elementor-col-66 elementor-top-column elementor-element elementor-element-8c89418 sc_inner_width_none sc_layouts_column_icons_position_left\" data-id=\"8c89418\" data-element_type=\"column\" data-e-type=\"column\" data-settings=\"{&quot;background_background&quot;:&quot;classic&quot;}\">\n\t\t\t<div class=\"elementor-widget-wrap elementor-element-populated\">\n\t\t\t\t\t\t<section class=\"elementor-section elementor-inner-section elementor-element elementor-element-a8386c5 scheme_dark elementor-section-boxed elementor-section-height-default elementor-section-height-default\" data-id=\"a8386c5\" data-element_type=\"section\" data-e-type=\"section\" data-settings=\"{&quot;background_background&quot;:&quot;classic&quot;}\">\n\t\t\t\t\t\t<div class=\"elementor-container elementor-column-gap-no\">\n\t\t\t\t\t<div class=\"elementor-column elementor-col-100 elementor-inner-column elementor-element elementor-element-88f7d0c sc_inner_width_none sc_layouts_column_icons_position_left\" data-id=\"88f7d0c\" data-element_type=\"column\" data-e-type=\"column\" data-settings=\"{&quot;background_background&quot;:&quot;classic&quot;}\">\n\t\t\t<div class=\"elementor-widget-wrap elementor-element-populated\">\n\t\t\t\t\t\t<div class=\"elementor-element elementor-element-9b6ee47 elementor-widget elementor-widget-trx_sc_title\" data-id=\"9b6ee47\" data-element_type=\"widget\" data-e-type=\"widget\" data-widget_type=\"trx_sc_title.default\">\n\t\t\t\t<div class=\"elementor-widget-container\">\n\t\t\t\t\t<div id=\"trx_sc_title_2077719623\"\n\t\tclass=\"sc_title sc_title_default\"><h3 class=\"sc_item_title sc_title_title sc_align_none sc_item_title_style_default sc_item_title_tag trx_addons_inline_589926957\">Stay in touch<\/h3><\/div><!-- \/.sc_title -->\t\t\t\t<\/div>\n\t\t\t\t<\/div>\n\t\t\t\t\t<\/div>\n\t\t<\/div>\n\t\t\t\t\t<\/div>\n\t\t<\/section>\n\t\t\t\t<div class=\"elementor-element elementor-element-d78024a elementor-widget elementor-widget-html\" data-id=\"d78024a\" data-element_type=\"widget\" data-e-type=\"widget\" data-widget_type=\"html.default\">\n\t\t\t\t<div class=\"elementor-widget-container\">\n\t\t\t\t\t<iframe src=\"https:\/\/www.google.com\/maps\/embed?pb=!1m18!1m12!1m3!1d2446.7262703506753!2d22.2672244!3d52.17567009999999!2m3!1f0!2f0!3f0!3m2!1i1024!2i768!4f13.1!3m3!1m2!1s0x471f5a4d1905c2e5%3A0x72125e52582a655!2sWydzia%C5%82%20Nauk%20Spo%C5%82ecznych%20Uniwersytetu%20w%20Siedlcach!5e0!3m2!1spl!2spl!4v1720464308636!5m2!1spl!2spl\" width=\"600\" height=\"320\" style=\"border:0;\" allowfullscreen=\"\" loading=\"lazy\" referrerpolicy=\"no-referrer-when-downgrade\"><\/iframe>\t\t\t\t<\/div>\n\t\t\t\t<\/div>\n\t\t\t\t\t<\/div>\n\t\t<\/div>\n\t\t\t\t\t<\/div>\n\t\t<\/section>\n\t\t\t\t<\/div>","protected":false},"excerpt":{"rendered":"<p>Adres Wydzia\u0142 Nauk Spo\u0142ecznych Uniwersytetu w Siedlcach, ul. \u017bytnia 39 Organizacja dr hab. in\u017c. Robert Bia\u0142osk\u00f3rski, prof. uczelni \u2013 przewodnicz\u0105cy komitetu organizacyjnego&hellip;<\/p>","protected":false},"author":1,"featured_media":0,"parent":0,"menu_order":0,"comment_status":"closed","ping_status":"closed","template":"","meta":{"footnotes":""},"class_list":["post-29","page","type-page","status-publish","hentry"],"aioseo_notices":[],"_links":{"self":[{"href":"https:\/\/powerandsecurity.uws.edu.pl\/en\/wp-json\/wp\/v2\/pages\/29","targetHints":{"allow":["GET"]}}],"collection":[{"href":"https:\/\/powerandsecurity.uws.edu.pl\/en\/wp-json\/wp\/v2\/pages"}],"about":[{"href":"https:\/\/powerandsecurity.uws.edu.pl\/en\/wp-json\/wp\/v2\/types\/page"}],"author":[{"embeddable":true,"href":"https:\/\/powerandsecurity.uws.edu.pl\/en\/wp-json\/wp\/v2\/users\/1"}],"replies":[{"embeddable":true,"href":"https:\/\/powerandsecurity.uws.edu.pl\/en\/wp-json\/wp\/v2\/comments?post=29"}],"version-history":[{"count":6,"href":"https:\/\/powerandsecurity.uws.edu.pl\/en\/wp-json\/wp\/v2\/pages\/29\/revisions"}],"predecessor-version":[{"id":327,"href":"https:\/\/powerandsecurity.uws.edu.pl\/en\/wp-json\/wp\/v2\/pages\/29\/revisions\/327"}],"wp:attachment":[{"href":"https:\/\/powerandsecurity.uws.edu.pl\/en\/wp-json\/wp\/v2\/media?parent=29"}],"curies":[{"name":"wp","href":"https:\/\/api.w.org\/{rel}","templated":true}]}}