{"id":648,"date":"2025-03-05T23:47:20","date_gmt":"2025-03-05T22:47:20","guid":{"rendered":"https:\/\/powerandsecurity.uws.edu.pl\/?page_id=648"},"modified":"2025-03-29T20:53:59","modified_gmt":"2025-03-29T19:53:59","slug":"deklaracja-dostepnosci","status":"publish","type":"page","link":"https:\/\/powerandsecurity.uws.edu.pl\/en\/deklaracja-dostepnosci\/","title":{"rendered":"Deklaracja dost\u0119pno\u015bci"},"content":{"rendered":"<div data-elementor-type=\"wp-page\" data-elementor-id=\"648\" class=\"elementor elementor-648\">\n\t\t\t\t\t\t<section class=\"elementor-section elementor-top-section elementor-element elementor-element-e29ce87 elementor-section-boxed elementor-section-height-default elementor-section-height-default\" data-id=\"e29ce87\" data-element_type=\"section\" data-e-type=\"section\">\n\t\t\t\t\t\t<div class=\"elementor-container elementor-column-gap-extended\">\n\t\t\t\t\t<div class=\"elementor-column elementor-col-100 elementor-top-column elementor-element elementor-element-2585b97f sc_inner_width_none sc_layouts_column_icons_position_left\" data-id=\"2585b97f\" data-element_type=\"column\" data-e-type=\"column\">\n\t\t\t<div class=\"elementor-widget-wrap elementor-element-populated\">\n\t\t\t\t\t\t<div class=\"elementor-element elementor-element-70ba5711 elementor-widget elementor-widget-text-editor\" data-id=\"70ba5711\" data-element_type=\"widget\" data-e-type=\"widget\" data-widget_type=\"text-editor.default\">\n\t\t\t\t<div class=\"elementor-widget-container\">\n\t\t\t\t\t\t\t\t\t<h1>Deklaracja dost\u0119pno\u015bci<\/h1><section id=\"a11y-wstep\">\n<p><span id=\"a11y-podmiot\">Uniwersytet w Siedlcach<\/span> zobowi\u0105zuje si\u0119 zapewni\u0107 dost\u0119pno\u015b\u0107 swojej <span id=\"a11y-zakres\">strony internetowej<\/span> zgodnie z ustaw\u0105 z dnia 4 kwietnia 2019 r. o dost\u0119pno\u015bci cyfrowej stron internetowych i aplikacji mobilnych podmiot\u00f3w publicznych.<\/p>\n<p>Deklaracja dost\u0119pno\u015bci dotyczy strony <a href=\"https:\/\/powerandsecurity.uws.edu.pl\/en\/\" id=\"a11y-url\">powerandsecurity.uws.edu.pl<\/a>.<\/p>\n<\/section>\n    <ul>\n    <li>Data publikacji strony internetowej: <time id=\"a11y-data-publikacja\" datetime=\"2025-03-01\">1 marca 2025 r.<\/time><\/li>\n    <li>Data ostatniej istotnej aktualizacji: <time id=\"a11y-data-aktualizacja\" datetime=\"2025-03-04\">4 marca 2025 r.<\/time><\/li>\n    <\/ul>\n<h2> Stan dost\u0119pno\u015bci cyfrowej<\/h2>\n<p id=\"a11y-status\">Ta strona internetowa jest w pe\u0142ni zgodna z za\u0142\u0105cznikiem do ustawy o dost\u0119pno\u015bci cyfrowej z dnia 4 kwietnia 2019 r. o dost\u0119pno\u015bci cyfrowej stron internetowych i aplikacji mobilnych podmiot\u00f3w publicznych.<\/p>\n\n    <h2>Przygotowanie deklaracji dost\u0119pno\u015bci<\/h2>\n<ul>\n<li>Data sporz\u0105dzenia deklaracji: <time id=\"a11y-data-sporzadzenie\" datetime=\"2025-03-05\">5 marca 2025<\/time><\/li>\n<li>Data ostatniego przegl\u0105du deklaracji: <time id=\"a11y-data-przeglad\" datetime=\"2025-03-05\">5 marca 2025<\/time><\/li>\n<\/ul>\n\n<p>Deklaracj\u0119 sporz\u0105dzili\u015bmy na podstawie samooceny w oparciu o <a href=\"https:\/\/www.gov.pl\/attachment\/1a3e2bb5-6d60-4897-ac2f-07a8e91e70ed\">list\u0119 kontroln\u0105 do badania dost\u0119pno\u015bci cyfrowej strony internetowej v. 2.2 (docx, 0,12MB)<\/a>.<\/p>\n<h2> Skr\u00f3ty klawiszowe <\/h2>\n<p>Na stronie internetowej mo\u017cna korzysta\u0107 ze standardowych skr\u00f3t\u00f3w klawiaturowych.<\/p>\n\n\n<h2> Informacje zwrotne i dane kontaktowe <\/h2>\n<p>Wszystkie problemy z dost\u0119pno\u015bci\u0105 cyfrow\u0105 tej strony internetowej mo\u017cesz zg\u0142osi\u0107 do <span id=\"a11y-kontakt\">Tomasz Dzioba<\/span> \u2014 mejlowo <a id=\"a11y-email\" href=\"mailto:tomasz.dzioba@uws.edu.pl\">tomasz.dzioba@uws.edu.pl<\/a> lub telefonicznie <a href=\"tel:+48256431845\" id=\"a11y-telefon\">+48256431845<\/a>.<\/p>\n<p>Ka\u017cdy ma prawo wyst\u0105pi\u0107 z \u017c\u0105daniem zapewnienia dost\u0119pno\u015bci cyfrowej tej strony internetowej lub jej element\u00f3w.<\/p>\n<p>Zg\u0142aszaj\u0105c takie \u017c\u0105danie podaj:<\/p>\n<ul>\n<li>swoje imi\u0119 i nazwisko,<\/li>\n<li>swoje dane kontaktowe (np. numer telefonu, e-mail),<\/li>\n<li>dok\u0142adny adres strony internetowej, na kt\u00f3rej jest niedost\u0119pny cyfrowo element lub tre\u015b\u0107,<\/li>\n<li>opis na czym polega problem i jaki spos\u00f3b jego rozwi\u0105zania by\u0142by dla Ciebie najwygodniejszy.<\/li>\n<\/ul>\n<p>Na Twoje zg\u0142oszenie odpowiemy najszybciej jak to mo\u017cliwe, nie p\u00f3\u017aniej ni\u017c w ci\u0105gu 7 dni od jego otrzymania.<\/p>\n<p>Je\u017celi ten termin b\u0119dzie dla nas zbyt kr\u00f3tki poinformujemy Ci\u0119 o tym. W tej informacji podamy nowy termin, do kt\u00f3rego poprawimy zg\u0142oszone przez Ciebie b\u0142\u0119dy lub przygotujemy informacje w alternatywny spos\u00f3b. Ten nowy termin nie b\u0119dzie d\u0142u\u017cszy ni\u017c 2 miesi\u0105ce.<\/p>\n<p>Je\u017celi nie b\u0119dziemy w stanie zapewni\u0107 dost\u0119pno\u015bci cyfrowej strony internetowej lub tre\u015bci, wskazanej w Twoim \u017c\u0105daniu, zaproponujemy Ci dost\u0119p do nich w alternatywny spos\u00f3b.<\/p>\n\n\n<section id=\"a11y-procedura\">\n<h3> Obs\u0142uga wniosk\u00f3w i skarg zwi\u0105zanych z dost\u0119pno\u015bci\u0105 <\/h3>\n<p>Je\u017celi w odpowiedzi na Tw\u00f3j wniosek o zapewnienie dost\u0119pno\u015bci cyfrowej, odm\u00f3wimy zapewnienia \u017c\u0105danej przez Ciebie dost\u0119pno\u015bci cyfrowej, a Ty nie zgadzasz si\u0119 z t\u0105 odmow\u0105, masz prawo z\u0142o\u017cy\u0107 skarg\u0119.<\/p>\n<p>Skarg\u0119 masz prawo z\u0142o\u017cy\u0107 tak\u017ce, je\u015bli nie zgadzasz si\u0119 na skorzystanie z alternatywnego sposobu dost\u0119pu, kt\u00f3ry zaproponowali\u015bmy Ci w odpowiedzi na Tw\u00f3j wniosek o zapewnienie dost\u0119pno\u015bci cyfrowej.<\/p>\n<p>Ewentualn\u0105 skarg\u0119 z\u0142\u00f3\u017c listownie lub mailem do pe\u0142nomocnika Rektora \u2013 koordynatora ds. dost\u0119pno\u015bci jako osoby nadzoruj\u0105cej na adres::\n<ul>\n<li>Dr Monika Niedzi\u00f3\u0142ka \u2013 pe\u0142nomocnik Rektora \u2013 koordynator ds. dost\u0119pno\u015bci<\/li>\n<li>Centrum Wsparcia Os\u00f3b z Niepe\u0142nosprawno\u015bciami<br> \n   ul. ks. J. Popie\u0142uszki 9<br> \n   08-110 Siedlce<br> \n   tel. 25 643 17 24<br><\/li>\n<li>mejl: <a href=\"mailto:monika.niedziolka@uws.edu.pl\"> monika.niedziolka@uws.edu.pl<\/a>.<\/li>\n<\/ul>\n<a href=\"https:\/\/www.gov.pl\/web\/gov\/zloz-wniosek-o-zapewnienie-dostepnosci-cyfrowej-strony-internetowej-lub-aplikacji-mobilnej\">Pomocne mog\u0105 by\u0107 informacje, kt\u00f3re mo\u017cna znale\u017a\u0107 na rz\u0105dowym portalu gov.pl<\/a>.<\/p>\n<p>Mo\u017cesz tak\u017ce poinformowa\u0107 o tej sytuacji <a href=\"https:\/\/bip.brpo.gov.pl\/\"> Rzecznika Praw Obywatelskich<\/a> i poprosi\u0107 o interwencj\u0119 w Twojej sprawie.<\/p>\n<\/section>\n\n\n<h2>Pozosta\u0142e informacje<\/h2>\n\n<section id=\"a11y-aplikacje\">\n<h3>Aplikacje mobilne<\/h3>\n<p>Uniwersytet w Siedlcach udost\u0119pnia nast\u0119puj\u0105ce aplikacje mobilne:<\/p>\n<ul>\n<li><a href=\"https:\/\/play.google.com\/store\/apps\/details?id=pl.edu.uph.mobilny\">Mobilny USOS UPH<\/a> \u2014 sprawd\u017a<a href=\"https:\/\/www.uws.edu.pl\/kontakt\/deklaracja-dostepnosci-mobilny-usos\"> deklaracj\u0119 dost\u0119pno\u015bci tej aplikacji.<\/a><\/li>\n<li><a href=\"https:\/\/play.google.com\/store\/apps\/details?id=pl.prolib.uph\">UwS Siedlce &#8211; mPROLIB<\/a> \u2014 sprawd\u017a<a href=\"https:\/\/www.uws.edu.pl\/kontakt\/deklaracja-dostepnosci-mprolib\"> deklaracj\u0119 dost\u0119pno\u015bci tej aplikacji.<\/a><\/li>\n<\/ul>\n<\/section>\n\n<section id=\"a11y-architektura\">\n<h3>Dost\u0119pno\u015b\u0107 architektoniczna<\/h3>\n<h4>Budynki Uniwersytetu w Siedlcach<\/h4>\n<ul>\n<li><a id=\"a11y-architektura-url\" href=\"https:\/\/www.uws.edu.pl\/images\/dostepnosc_architektoniczna\/dostepnosc_architektoniczna_bg.docx\">Deklaracja dost\u0119pno\u015bci budynku Biblioteki G\u0142\u00f3wnej przy ul. Popie\u0142uszki 9.<\/a><\/li>\n<li><a id=\"a11y-architektura-url\" href=\"https:\/\/www.uws.edu.pl\/images\/dostepnosc_architektoniczna\/dostepnosc_architektoniczna_csir.docx\">Deklaracja dost\u0119pno\u015bci budynku Centrum Sportu i Rekreacji przy ul. 3 Maja 54.<\/a><\/li>\n<li><a id=\"a11y-architektura-url\" href=\"https:\/\/www.uws.edu.pl\/images\/dostepnosc_architektoniczna\/dostepnosc_architektoniczna_ds1.docx\">Deklaracja dost\u0119pno\u015bci budynku Domu Studenta nr. 1 przy ul. 3 Maja 49.<\/a><\/li>\n<li><a id=\"a11y-architektura-url\" href=\"https:\/\/www.uws.edu.pl\/images\/dostepnosc_architektoniczna\/dostepnosc_architektoniczna_ds2.docx\">Deklaracja dost\u0119pno\u015bci budynku Domu Studenta nr. 2 przy ul. \u017bytniej 17\/19.<\/a><\/li>\n<li><a id=\"a11y-architektura-url\" href=\"https:\/\/www.uws.edu.pl\/images\/dostepnosc_architektoniczna\/dostepnosc_architektoniczna_ds4.docx\">Deklaracja dost\u0119pno\u015bci budynku Domu Studenta nr. 4 przy ul. \u017bytniej 17\/19.<\/a><\/li>\n<li><a id=\"a11y-architektura-url\" href=\"https:\/\/www.uws.edu.pl\/images\/dostepnosc_architektoniczna\/dostepnosc_architektoniczna_ds5.docx\">Deklaracja dost\u0119pno\u015bci budynku Domu Studenta nr. 5 przy ul. \u017bytniej 17\/19.<\/a><\/li>\n<li><a id=\"a11y-architektura-url\" href=\"https:\/\/www.uws.edu.pl\/images\/dostepnosc_architektoniczna\/dostepnosc_architektoniczna_ib.docx\">Deklaracja dost\u0119pno\u015bci budynku Instytutu Nauk Biologicznych przy ul. Prusa 14.<\/a><\/li>\n<li><a id=\"a11y-architektura-url\" href=\"https:\/\/www.uws.edu.pl\/images\/dostepnosc_architektoniczna\/dostepnosc_architektoniczna_ii.docx\">Deklaracja dost\u0119pno\u015bci budynku Instytutu Informatyki przy ul. Sienkiewicza 51.<\/a><\/li>\n<li><a id=\"a11y-architektura-url\" href=\"https:\/\/www.uws.edu.pl\/images\/dostepnosc_architektoniczna\/dostepnosc_architektoniczna_ogonki.docx\">Deklaracja dost\u0119pno\u015bci budynku O\u015brodka Wypoczynkowego w Ogonkach, ul. Sztynorcka 5.<\/a><\/li>\n<li><a id=\"a11y-architektura-url\" href=\"https:\/\/www.uws.edu.pl\/images\/dostepnosc_architektoniczna\/dostepnosc_architektoniczna_oj.docx\">Deklaracja dost\u0119pno\u015bci budynku O\u015brodka Je\u017adzieckiego przy ul. 3 Kazimierzowskiej 3.<\/a><\/li>\n<li><a id=\"a11y-architektura-url\" href=\"https:\/\/www.uws.edu.pl\/images\/dostepnosc_architektoniczna\/dostepnosc_architektoniczna_palac.docx\">Deklaracja dost\u0119pno\u015bci budynku Pa\u0142acu Ogi\u0144skich przy ul. Konarskiego 2.<\/a><\/li>\n<li><a id=\"a11y-architektura-url\" href=\"https:\/\/www.uws.edu.pl\/images\/dostepnosc_architektoniczna\/dostepnosc_architektoniczna_wanz.docx\">Deklaracja dost\u0119pno\u015bci budynku Wydzia\u0142y Agrobioin\u017cynierii i Nauk o Zwierz\u0119tach oraz Wydzia\u0142u Nauk Medycznych i Nauk o Zdrowiu przy ul. Prusa 14.<\/a><\/li>\n<li><a id=\"a11y-architektura-url\" href=\"https:\/\/www.uws.edu.pl\/images\/dostepnosc_architektoniczna\/dostepnosc_architektoniczna_wnsp.docx\">Deklaracja dost\u0119pno\u015bci budynku Wydzia\u0142u Nauk \u015acis\u0142ych i Przyrodniczych przy ul. 3 Maja 54.<\/a><\/li>\n<li><a id=\"a11y-architektura-url\" href=\"https:\/\/www.uws.edu.pl\/images\/dostepnosc_architektoniczna\/dostepnosc_architektoniczna_ws_wh.docx\">Deklaracja dost\u0119pno\u015bci budynku Wydzia\u0142u Nauk Spo\u0142ecznych przy ul. \u017bytniej 39.<\/a><\/li>\n<li><a id=\"a11y-architektura-url\" href=\"https:\/\/www.uws.edu.pl\/images\/dostepnosc_architektoniczna\/dostepnosc_architektoniczna_CSM.docx\">Deklaracja dost\u0119pno\u015bci budynku Centrum Symulacji Medycznych przy ul. Bema 1a.<\/a><\/li>\n<\/ul>\n<\/section>\n\n\n<section id=\"a11y-komunikacja\">\n<h3>Dost\u0119pno\u015b\u0107 komunikacyjno-informacyjna<\/h3>\n<p>Dost\u0119pni s\u0105 t\u0142umacze polskiego j\u0119zyka migowego (PJM):<\/p>\n<ul>\n   <li><a href=\"https:\/\/www.uws.edu.pl\/images\/dostepnosc_architektoniczna\/dostepnosc_tlumacza_jezyka_migowego.docx\">Pobierz dane kontaktowe t\u0142umaczy j\u0119zyka migowego<\/a><\/li>\n<\/ul>\n<\/section>\t\t\t\t\t\t\t\t<\/div>\n\t\t\t\t<\/div>\n\t\t\t\t\t<\/div>\n\t\t<\/div>\n\t\t\t\t\t<\/div>\n\t\t<\/section>\n\t\t\t\t<\/div>","protected":false},"excerpt":{"rendered":"<p>Deklaracja dost\u0119pno\u015bci Uniwersytet w Siedlcach zobowi\u0105zuje si\u0119 zapewni\u0107 dost\u0119pno\u015b\u0107 swojej strony internetowej zgodnie z ustaw\u0105 z dnia 4 kwietnia 2019 r. o&hellip;<\/p>","protected":false},"author":2,"featured_media":0,"parent":0,"menu_order":0,"comment_status":"closed","ping_status":"closed","template":"","meta":{"footnotes":""},"class_list":["post-648","page","type-page","status-publish","hentry"],"aioseo_notices":[],"_links":{"self":[{"href":"https:\/\/powerandsecurity.uws.edu.pl\/en\/wp-json\/wp\/v2\/pages\/648","targetHints":{"allow":["GET"]}}],"collection":[{"href":"https:\/\/powerandsecurity.uws.edu.pl\/en\/wp-json\/wp\/v2\/pages"}],"about":[{"href":"https:\/\/powerandsecurity.uws.edu.pl\/en\/wp-json\/wp\/v2\/types\/page"}],"author":[{"embeddable":true,"href":"https:\/\/powerandsecurity.uws.edu.pl\/en\/wp-json\/wp\/v2\/users\/2"}],"replies":[{"embeddable":true,"href":"https:\/\/powerandsecurity.uws.edu.pl\/en\/wp-json\/wp\/v2\/comments?post=648"}],"version-history":[{"count":4,"href":"https:\/\/powerandsecurity.uws.edu.pl\/en\/wp-json\/wp\/v2\/pages\/648\/revisions"}],"predecessor-version":[{"id":684,"href":"https:\/\/powerandsecurity.uws.edu.pl\/en\/wp-json\/wp\/v2\/pages\/648\/revisions\/684"}],"wp:attachment":[{"href":"https:\/\/powerandsecurity.uws.edu.pl\/en\/wp-json\/wp\/v2\/media?parent=648"}],"curies":[{"name":"wp","href":"https:\/\/api.w.org\/{rel}","templated":true}]}}